{"id":4332,"date":"2022-11-08T16:07:09","date_gmt":"2022-11-08T16:07:09","guid":{"rendered":"https:\/\/marity.qodeinteractive.com\/?page_id=4332"},"modified":"2024-07-02T14:39:27","modified_gmt":"2024-07-02T14:39:27","slug":"naujienos","status":"publish","type":"page","link":"https:\/\/antfarma.eu\/en\/news\/","title":{"rendered":"News"},"content":{"rendered":"<div data-elementor-type=\"wp-page\" data-elementor-id=\"4332\" class=\"elementor elementor-4332\" data-elementor-post-type=\"page\">\n\t\t\t\t<div class=\"elementor-element elementor-element-f3a1785 e-con-full e-flex e-con e-parent\" data-id=\"f3a1785\" data-element_type=\"container\">\n\t\t<div class=\"elementor-element elementor-element-f7da3e9 e-con-full e-flex e-con e-child\" data-id=\"f7da3e9\" data-element_type=\"container\" data-settings=\"{&quot;background_background&quot;:&quot;classic&quot;}\">\n\t\t\t\t<div class=\"elementor-element elementor-element-446a59b elementor-widget elementor-widget-marity_core_section_title\" data-id=\"446a59b\" data-element_type=\"widget\" data-widget_type=\"marity_core_section_title.default\">\n\t\t\t\t<div class=\"elementor-widget-container\">\n\t\t\t<div class=\"qodef-shortcode qodef-m  qodef-section-title qodef-show_supertitle--no qodef-alignment--left\">\n    \t\t<p class=\"qodef-m-title\" style=\"color: #20313A;font-size: 50px;font-weight: 400;line-height: 60px\">\n\t\t\t\t\tNews\t\t\t<\/p>\n\t    <\/div>\n\t\t<\/div>\n\t\t\t\t<\/div>\n\t\t\t\t<\/div>\n\t\t\t\t<div class=\"elementor-element elementor-element-210f1b3 elementor-widget elementor-widget-marity_core_blog_list\" data-id=\"210f1b3\" data-element_type=\"widget\" data-widget_type=\"marity_core_blog_list.default\">\n\t\t\t\t<div class=\"elementor-widget-container\">\n\t\t\t<div class=\"qodef-shortcode qodef-m  qodef-blog qodef--list qodef-item-layout--standard  qodef-grid qodef-layout--columns  qodef-gutter--little qodef-col-num--3 qodef-item-layout--standard qodef-pagination--off qodef-responsive--predefined\" data-options=\"{&quot;plugin&quot;:&quot;marity_core&quot;,&quot;module&quot;:&quot;blog\\\/shortcodes&quot;,&quot;shortcode&quot;:&quot;blog-list&quot;,&quot;post_type&quot;:&quot;post&quot;,&quot;next_page&quot;:&quot;2&quot;,&quot;enable_top_info&quot;:&quot;no&quot;,&quot;behavior&quot;:&quot;columns&quot;,&quot;images_proportion&quot;:&quot;full&quot;,&quot;columns&quot;:&quot;3&quot;,&quot;columns_responsive&quot;:&quot;predefined&quot;,&quot;space&quot;:&quot;little&quot;,&quot;posts_per_page&quot;:&quot;-1&quot;,&quot;orderby&quot;:&quot;date&quot;,&quot;order&quot;:&quot;DESC&quot;,&quot;layout&quot;:&quot;standard&quot;,&quot;title_tag&quot;:&quot;h4&quot;,&quot;pagination_type&quot;:&quot;no-pagination&quot;,&quot;object_class_name&quot;:&quot;MarityCore_Blog_List_Shortcode&quot;,&quot;taxonomy_filter&quot;:&quot;category&quot;,&quot;space_value&quot;:6}\">\n\t    \t<div class=\"qodef-grid-inner\">\n\t\t<article class=\"qodef-e qodef-blog-item qodef-grid-item qodef-item--full post-12085 post type-post status-publish format-standard has-post-thumbnail hentry category-naujienos\">\n\t<div class=\"qodef-e-inner\">\n\t\t<div class=\"qodef-e-media\">\n\t\t<div class=\"qodef-e-media-image\">\n        <svg class=\"qodef-svg--blur-filter\" width=\"100\" height=\"100\" viewbox=\"0 0 100 100\"><filter id=\"qodef-svg--blur-filter-1\" x=\"-30%\" y=\"-30%\" width=\"160%\" height=\"150%\"><fegaussianblur in=\"SourceGraphic\" stddeviation=\"0\"><\/fegaussianblur><\/filter><\/svg>\t\t<a itemprop=\"url\" href=\"https:\/\/antfarma.eu\/en\/approaching-mindaugas-day-can-we-really-drive-after-one-glass-of-beer\/\">\n\t\t\t<img fetchpriority=\"high\" decoding=\"async\" width=\"2560\" height=\"1707\" src=\"https:\/\/antfarma.eu\/wp-content\/uploads\/2025\/01\/why-kei-8e2gal_GIE8-unsplash-scaled.jpg\" class=\"attachment-full size-full\" alt=\"A woman performs a rapid diagnostic test at home\" srcset=\"https:\/\/antfarma.eu\/wp-content\/uploads\/2025\/01\/why-kei-8e2gal_GIE8-unsplash-scaled.jpg 2560w, https:\/\/antfarma.eu\/wp-content\/uploads\/2025\/01\/why-kei-8e2gal_GIE8-unsplash-300x200.jpg 300w, https:\/\/antfarma.eu\/wp-content\/uploads\/2025\/01\/why-kei-8e2gal_GIE8-unsplash-1024x683.jpg 1024w, https:\/\/antfarma.eu\/wp-content\/uploads\/2025\/01\/why-kei-8e2gal_GIE8-unsplash-768x512.jpg 768w, https:\/\/antfarma.eu\/wp-content\/uploads\/2025\/01\/why-kei-8e2gal_GIE8-unsplash-1536x1024.jpg 1536w, https:\/\/antfarma.eu\/wp-content\/uploads\/2025\/01\/why-kei-8e2gal_GIE8-unsplash-2048x1366.jpg 2048w, https:\/\/antfarma.eu\/wp-content\/uploads\/2025\/01\/why-kei-8e2gal_GIE8-unsplash-18x12.jpg 18w\" sizes=\"(max-width: 2560px) 100vw, 2560px\" \/>\t\t<\/a>\n\t<\/div>\n<\/div>\n\t\t<div class=\"qodef-e-content\">\n\t\t\t<div class=\"qodef-e-top-holder\">\n\t\t\t\t<div class=\"qodef-e-info\">\n\t\t\t\t\t        <a class=\"qodef-e-category-item\" href=\"https:\/\/antfarma.eu\/en\/category\/news\/\" style=\"background:#0e202a\">News<\/a>\n    \n\t\t\t\t<\/div>\n\t\t\t<\/div>\n\t\t\t<div class=\"qodef-e-text\">\n\t\t\t\t<h4 itemprop=\"name\" class=\"qodef-e-title entry-title\" >\n\t<a itemprop=\"url\" class=\"qodef-e-title-link\" href=\"https:\/\/antfarma.eu\/en\/approaching-mindaugas-day-can-we-really-drive-after-one-glass-of-beer\/\">\n\t\tApproaching Mindaugava Day: can we really get behind the wheel the next morning after one pint of beer?\t<\/a>\n<\/h4>\n                <div class=\"qodef-e-about-info\">\n                    <a itemprop=\"author\" href=\"https:\/\/antfarma.eu\/en\/author\/antfarma-ficus-media\/\" class=\"qodef-e-info-author\">\n\tantfarma.ficus.media<\/a><div class=\"qodef-info-separator-end\"><\/div>\n<a itemprop=\"dateCreated\" href=\"https:\/\/antfarma.eu\/en\/2024\/07\/\" class=\"entry-date\">\n\t2024 July 5<\/a><div class=\"qodef-info-separator-end\"><\/div>\n                <\/div>\n\t\t\t<\/div>\n\t\t<\/div>\n\t<\/div>\n<\/article>\n<article class=\"qodef-e qodef-blog-item qodef-grid-item qodef-item--full post-12078 post type-post status-publish format-standard has-post-thumbnail hentry category-naujienos\">\n\t<div class=\"qodef-e-inner\">\n\t\t<div class=\"qodef-e-media\">\n\t\t<div class=\"qodef-e-media-image\">\n        <svg class=\"qodef-svg--blur-filter\" width=\"100\" height=\"100\" viewbox=\"0 0 100 100\"><filter id=\"qodef-svg--blur-filter-2\" x=\"-30%\" y=\"-30%\" width=\"160%\" height=\"150%\"><fegaussianblur in=\"SourceGraphic\" stddeviation=\"0\"><\/fegaussianblur><\/filter><\/svg>\t\t<a itemprop=\"url\" href=\"https:\/\/antfarma.eu\/en\/lyme-disease-can-cause-lifelong-disability-how-to-avoid-it\/\">\n\t\t\t<img decoding=\"async\" width=\"2560\" height=\"1707\" src=\"https:\/\/antfarma.eu\/wp-content\/uploads\/2025\/01\/erik-karits-qejvFu21BuA-unsplash-scaled.jpg\" class=\"attachment-full size-full\" alt=\"Tick on a leaf - Lyme disease diagnosis\" srcset=\"https:\/\/antfarma.eu\/wp-content\/uploads\/2025\/01\/erik-karits-qejvFu21BuA-unsplash-scaled.jpg 2560w, https:\/\/antfarma.eu\/wp-content\/uploads\/2025\/01\/erik-karits-qejvFu21BuA-unsplash-300x200.jpg 300w, https:\/\/antfarma.eu\/wp-content\/uploads\/2025\/01\/erik-karits-qejvFu21BuA-unsplash-1024x683.jpg 1024w, https:\/\/antfarma.eu\/wp-content\/uploads\/2025\/01\/erik-karits-qejvFu21BuA-unsplash-768x512.jpg 768w, https:\/\/antfarma.eu\/wp-content\/uploads\/2025\/01\/erik-karits-qejvFu21BuA-unsplash-1536x1024.jpg 1536w, https:\/\/antfarma.eu\/wp-content\/uploads\/2025\/01\/erik-karits-qejvFu21BuA-unsplash-2048x1365.jpg 2048w, https:\/\/antfarma.eu\/wp-content\/uploads\/2025\/01\/erik-karits-qejvFu21BuA-unsplash-18x12.jpg 18w\" sizes=\"(max-width: 2560px) 100vw, 2560px\" \/>\t\t<\/a>\n\t<\/div>\n<\/div>\n\t\t<div class=\"qodef-e-content\">\n\t\t\t<div class=\"qodef-e-top-holder\">\n\t\t\t\t<div class=\"qodef-e-info\">\n\t\t\t\t\t        <a class=\"qodef-e-category-item\" href=\"https:\/\/antfarma.eu\/en\/category\/news\/\" style=\"background:#0e202a\">News<\/a>\n    \n\t\t\t\t<\/div>\n\t\t\t<\/div>\n\t\t\t<div class=\"qodef-e-text\">\n\t\t\t\t<h4 itemprop=\"name\" class=\"qodef-e-title entry-title\" >\n\t<a itemprop=\"url\" class=\"qodef-e-title-link\" href=\"https:\/\/antfarma.eu\/en\/lyme-disease-can-cause-lifelong-disability-how-to-avoid-it\/\">\n\t\tLyme disease can cause lifelong disability. How to avoid it?\t<\/a>\n<\/h4>\n                <div class=\"qodef-e-about-info\">\n                    <a itemprop=\"author\" href=\"https:\/\/antfarma.eu\/en\/author\/antfarma-ficus-media\/\" class=\"qodef-e-info-author\">\n\tantfarma.ficus.media<\/a><div class=\"qodef-info-separator-end\"><\/div>\n<a itemprop=\"dateCreated\" href=\"https:\/\/antfarma.eu\/en\/2024\/04\/\" class=\"entry-date\">\n\t2024 April 30<\/a><div class=\"qodef-info-separator-end\"><\/div>\n                <\/div>\n\t\t\t<\/div>\n\t\t<\/div>\n\t<\/div>\n<\/article>\n<article class=\"qodef-e qodef-blog-item qodef-grid-item qodef-item--full post-4304 post type-post status-publish format-standard has-post-thumbnail hentry category-naujienos\">\n\t<div class=\"qodef-e-inner\">\n\t\t<div class=\"qodef-e-media\">\n\t\t<div class=\"qodef-e-media-image\">\n        <svg class=\"qodef-svg--blur-filter\" width=\"100\" height=\"100\" viewbox=\"0 0 100 100\"><filter id=\"qodef-svg--blur-filter-3\" x=\"-30%\" y=\"-30%\" width=\"160%\" height=\"150%\"><fegaussianblur in=\"SourceGraphic\" stddeviation=\"0\"><\/fegaussianblur><\/filter><\/svg>\t\t<a itemprop=\"url\" href=\"https:\/\/antfarma.eu\/en\/notice-your-bodys-iron-deficiency-in-time-rapid-ferritin-test\/\">\n\t\t\t<img decoding=\"async\" width=\"2048\" height=\"1366\" src=\"https:\/\/antfarma.eu\/wp-content\/uploads\/2022\/11\/feritino_tyrimas-4.jpg\" class=\"attachment-full size-full\" alt=\"Fetal diagnostic testing\" srcset=\"https:\/\/antfarma.eu\/wp-content\/uploads\/2022\/11\/feritino_tyrimas-4.jpg 2048w, https:\/\/antfarma.eu\/wp-content\/uploads\/2022\/11\/feritino_tyrimas-4-300x200.jpg 300w, https:\/\/antfarma.eu\/wp-content\/uploads\/2022\/11\/feritino_tyrimas-4-1024x683.jpg 1024w, https:\/\/antfarma.eu\/wp-content\/uploads\/2022\/11\/feritino_tyrimas-4-768x512.jpg 768w, https:\/\/antfarma.eu\/wp-content\/uploads\/2022\/11\/feritino_tyrimas-4-1536x1025.jpg 1536w\" sizes=\"(max-width: 2048px) 100vw, 2048px\" \/>\t\t<\/a>\n\t<\/div>\n<\/div>\n\t\t<div class=\"qodef-e-content\">\n\t\t\t<div class=\"qodef-e-top-holder\">\n\t\t\t\t<div class=\"qodef-e-info\">\n\t\t\t\t\t        <a class=\"qodef-e-category-item\" href=\"https:\/\/antfarma.eu\/en\/category\/news\/\" style=\"background:#0e202a\">News<\/a>\n    \n\t\t\t\t<\/div>\n\t\t\t<\/div>\n\t\t\t<div class=\"qodef-e-text\">\n\t\t\t\t<h4 itemprop=\"name\" class=\"qodef-e-title entry-title\" >\n\t<a itemprop=\"url\" class=\"qodef-e-title-link\" href=\"https:\/\/antfarma.eu\/en\/notice-your-bodys-iron-deficiency-in-time-rapid-ferritin-test\/\">\n\t\tFind out in time if your body is deficient in iron. Rapid ferritin test\t<\/a>\n<\/h4>\n                <div class=\"qodef-e-about-info\">\n                    <a itemprop=\"author\" href=\"https:\/\/antfarma.eu\/en\/author\/antfarma-ficus-media\/\" class=\"qodef-e-info-author\">\n\tantfarma.ficus.media<\/a><div class=\"qodef-info-separator-end\"><\/div>\n<a itemprop=\"dateCreated\" href=\"https:\/\/antfarma.eu\/en\/2022\/11\/\" class=\"entry-date\">\n\t2022 November 8<\/a><div class=\"qodef-info-separator-end\"><\/div>\n                <\/div>\n\t\t\t<\/div>\n\t\t<\/div>\n\t<\/div>\n<\/article>\n<article class=\"qodef-e qodef-blog-item qodef-grid-item qodef-item--full post-4273 post type-post status-publish format-standard has-post-thumbnail hentry category-naujienos\">\n\t<div class=\"qodef-e-inner\">\n\t\t<div class=\"qodef-e-media\">\n\t\t<div class=\"qodef-e-media-image\">\n        <svg class=\"qodef-svg--blur-filter\" width=\"100\" height=\"100\" viewbox=\"0 0 100 100\"><filter id=\"qodef-svg--blur-filter-4\" x=\"-30%\" y=\"-30%\" width=\"160%\" height=\"150%\"><fegaussianblur in=\"SourceGraphic\" stddeviation=\"0\"><\/fegaussianblur><\/filter><\/svg>\t\t<a itemprop=\"url\" href=\"https:\/\/antfarma.eu\/en\/a-quick-way-to-determine-if-a-man-is-infertile\/\">\n\t\t\t<img loading=\"lazy\" decoding=\"async\" width=\"2048\" height=\"1367\" src=\"https:\/\/antfarma.eu\/wp-content\/uploads\/2022\/11\/vyru_vaisingumo_tyrimas-7.jpg.webp\" class=\"attachment-full size-full\" alt=\"Male_fidelity_test-7.jpg - Antfarma\" srcset=\"https:\/\/antfarma.eu\/wp-content\/uploads\/2022\/11\/vyru_vaisingumo_tyrimas-7.jpg.webp 2048w, https:\/\/antfarma.eu\/wp-content\/uploads\/2022\/11\/vyru_vaisingumo_tyrimas-7.jpg-300x200.webp 300w, https:\/\/antfarma.eu\/wp-content\/uploads\/2022\/11\/vyru_vaisingumo_tyrimas-7.jpg-1024x684.webp 1024w, https:\/\/antfarma.eu\/wp-content\/uploads\/2022\/11\/vyru_vaisingumo_tyrimas-7.jpg-768x513.webp 768w, https:\/\/antfarma.eu\/wp-content\/uploads\/2022\/11\/vyru_vaisingumo_tyrimas-7.jpg-1536x1025.webp 1536w\" sizes=\"(max-width: 2048px) 100vw, 2048px\" \/>\t\t<\/a>\n\t<\/div>\n<\/div>\n\t\t<div class=\"qodef-e-content\">\n\t\t\t<div class=\"qodef-e-top-holder\">\n\t\t\t\t<div class=\"qodef-e-info\">\n\t\t\t\t\t        <a class=\"qodef-e-category-item\" href=\"https:\/\/antfarma.eu\/en\/category\/news\/\" style=\"background:#0e202a\">News<\/a>\n    \n\t\t\t\t<\/div>\n\t\t\t<\/div>\n\t\t\t<div class=\"qodef-e-text\">\n\t\t\t\t<h4 itemprop=\"name\" class=\"qodef-e-title entry-title\" >\n\t<a itemprop=\"url\" class=\"qodef-e-title-link\" href=\"https:\/\/antfarma.eu\/en\/a-quick-way-to-determine-if-a-man-is-infertile\/\">\n\t\tA quick way to tell if a man is (in)fertile\t<\/a>\n<\/h4>\n                <div class=\"qodef-e-about-info\">\n                    <a itemprop=\"author\" href=\"https:\/\/antfarma.eu\/en\/author\/antfarma-ficus-media\/\" class=\"qodef-e-info-author\">\n\tantfarma.ficus.media<\/a><div class=\"qodef-info-separator-end\"><\/div>\n<a itemprop=\"dateCreated\" href=\"https:\/\/antfarma.eu\/en\/2022\/11\/\" class=\"entry-date\">\n\t2022 November 8<\/a><div class=\"qodef-info-separator-end\"><\/div>\n                <\/div>\n\t\t\t<\/div>\n\t\t<\/div>\n\t<\/div>\n<\/article>\n<article class=\"qodef-e qodef-blog-item qodef-grid-item qodef-item--full post-4002 post type-post status-publish format-standard has-post-thumbnail hentry category-naujienos\">\n\t<div class=\"qodef-e-inner\">\n\t\t<div class=\"qodef-e-media\">\n\t\t<div class=\"qodef-e-media-image\">\n        <svg class=\"qodef-svg--blur-filter\" width=\"100\" height=\"100\" viewbox=\"0 0 100 100\"><filter id=\"qodef-svg--blur-filter-5\" x=\"-30%\" y=\"-30%\" width=\"160%\" height=\"150%\"><fegaussianblur in=\"SourceGraphic\" stddeviation=\"0\"><\/fegaussianblur><\/filter><\/svg>\t\t<a itemprop=\"url\" href=\"https:\/\/antfarma.eu\/en\/how-important-vitamin-d-is-a-quick-test-will-detect-a-deficiency\/\">\n\t\t\t<img loading=\"lazy\" decoding=\"async\" width=\"2048\" height=\"1356\" src=\"https:\/\/antfarma.eu\/wp-content\/uploads\/2022\/11\/vitaminas_D-4.jpg\" class=\"attachment-full size-full\" alt=\"vitamin_D-4 - Antfarma\" srcset=\"https:\/\/antfarma.eu\/wp-content\/uploads\/2022\/11\/vitaminas_D-4.jpg 2048w, https:\/\/antfarma.eu\/wp-content\/uploads\/2022\/11\/vitaminas_D-4-300x199.jpg 300w, https:\/\/antfarma.eu\/wp-content\/uploads\/2022\/11\/vitaminas_D-4-1024x678.jpg 1024w, https:\/\/antfarma.eu\/wp-content\/uploads\/2022\/11\/vitaminas_D-4-768x509.jpg 768w, https:\/\/antfarma.eu\/wp-content\/uploads\/2022\/11\/vitaminas_D-4-1536x1017.jpg 1536w\" sizes=\"(max-width: 2048px) 100vw, 2048px\" \/>\t\t<\/a>\n\t<\/div>\n<\/div>\n\t\t<div class=\"qodef-e-content\">\n\t\t\t<div class=\"qodef-e-top-holder\">\n\t\t\t\t<div class=\"qodef-e-info\">\n\t\t\t\t\t        <a class=\"qodef-e-category-item\" href=\"https:\/\/antfarma.eu\/en\/category\/news\/\" style=\"background:#0e202a\">News<\/a>\n    \n\t\t\t\t<\/div>\n\t\t\t<\/div>\n\t\t\t<div class=\"qodef-e-text\">\n\t\t\t\t<h4 itemprop=\"name\" class=\"qodef-e-title entry-title\" >\n\t<a itemprop=\"url\" class=\"qodef-e-title-link\" href=\"https:\/\/antfarma.eu\/en\/how-important-vitamin-d-is-a-quick-test-will-detect-a-deficiency\/\">\n\t\tWhy is vitamin D important? A quick test will detect a deficiency\t<\/a>\n<\/h4>\n                <div class=\"qodef-e-about-info\">\n                    <a itemprop=\"author\" href=\"https:\/\/antfarma.eu\/en\/author\/antfarma-ficus-media\/\" class=\"qodef-e-info-author\">\n\tantfarma.ficus.media<\/a><div class=\"qodef-info-separator-end\"><\/div>\n<a itemprop=\"dateCreated\" href=\"https:\/\/antfarma.eu\/en\/2022\/11\/\" class=\"entry-date\">\n\t2022 November 7<\/a><div class=\"qodef-info-separator-end\"><\/div>\n                <\/div>\n\t\t\t<\/div>\n\t\t<\/div>\n\t<\/div>\n<\/article>\n\t<\/div>\n\t<\/div>\n\t\t<\/div>\n\t\t\t\t<\/div>\n\t\t\t\t<\/div>\n\t\t\t\t<\/div>","protected":false},"excerpt":{"rendered":"<p>News Blog Spot your body's iron deficiency early. Quick ferritin test antfarma.ficus.media 2022 8 November Blog A quick way to find out if a man is (in)fertile antfarma.ficus.media 2022 8 November Blog How important is vitamin D? A quick test to detect a deficiency antfarma.ficus.media 2022 7 November<\/p>","protected":false},"author":1,"featured_media":0,"parent":0,"menu_order":0,"comment_status":"closed","ping_status":"closed","template":"page-full-width.php","meta":{"_acf_changed":false,"footnotes":""},"class_list":["post-4332","page","type-page","status-publish","hentry"],"acf":[],"yoast_head":"<!-- This site is optimized with the Yoast SEO plugin v23.1 - https:\/\/yoast.com\/wordpress\/plugins\/seo\/ -->\n<title>Naujienos - Antfarma<\/title>\n<meta name=\"robots\" content=\"index, follow, max-snippet:-1, max-image-preview:large, max-video-preview:-1\" \/>\n<link rel=\"canonical\" href=\"https:\/\/antfarma.eu\/en\/news\/\" \/>\n<meta property=\"og:locale\" content=\"en_US\" \/>\n<meta property=\"og:type\" content=\"article\" \/>\n<meta property=\"og:title\" content=\"Naujienos - Antfarma\" \/>\n<meta property=\"og:description\" content=\"Naujienos Blog Laiku pasteb\u0117kite, kad organizmui tr\u016bksta gele\u017eies. Greitasis feritino testas antfarma.ficus.media 2022 8 lapkri\u010dio Blog Greitas b\u016bdas nustatyti, ar vyras (ne)vaisingas antfarma.ficus.media 2022 8 lapkri\u010dio Blog Kuo svarbus vitaminas D? Greitas testas nustatys jo tr\u016bkum\u0105 antfarma.ficus.media 2022 7 lapkri\u010dio\" \/>\n<meta property=\"og:url\" content=\"https:\/\/antfarma.eu\/en\/news\/\" \/>\n<meta property=\"og:site_name\" content=\"Antfarma\" \/>\n<meta property=\"article:modified_time\" content=\"2024-07-02T14:39:27+00:00\" \/>\n<meta property=\"og:image\" content=\"https:\/\/antfarma.eu\/wp-content\/uploads\/2022\/11\/feritino_tyrimas-4.jpg\" \/>\n<meta name=\"twitter:card\" content=\"summary_large_image\" \/>\n<meta name=\"twitter:label1\" content=\"Est. reading time\" \/>\n\t<meta name=\"twitter:data1\" content=\"1 minute\" \/>\n<script type=\"application\/ld+json\" class=\"yoast-schema-graph\">{\"@context\":\"https:\/\/schema.org\",\"@graph\":[{\"@type\":\"WebPage\",\"@id\":\"https:\/\/antfarma.eu\/naujienos\/\",\"url\":\"https:\/\/antfarma.eu\/naujienos\/\",\"name\":\"Naujienos - Antfarma\",\"isPartOf\":{\"@id\":\"https:\/\/antfarma.eu\/#website\"},\"primaryImageOfPage\":{\"@id\":\"https:\/\/antfarma.eu\/naujienos\/#primaryimage\"},\"image\":{\"@id\":\"https:\/\/antfarma.eu\/naujienos\/#primaryimage\"},\"thumbnailUrl\":\"https:\/\/antfarma.eu\/wp-content\/uploads\/2022\/11\/feritino_tyrimas-4.jpg\",\"datePublished\":\"2022-11-08T16:07:09+00:00\",\"dateModified\":\"2024-07-02T14:39:27+00:00\",\"breadcrumb\":{\"@id\":\"https:\/\/antfarma.eu\/naujienos\/#breadcrumb\"},\"inLanguage\":\"en-US\",\"potentialAction\":[{\"@type\":\"ReadAction\",\"target\":[\"https:\/\/antfarma.eu\/naujienos\/\"]}]},{\"@type\":\"ImageObject\",\"inLanguage\":\"en-US\",\"@id\":\"https:\/\/antfarma.eu\/naujienos\/#primaryimage\",\"url\":\"https:\/\/antfarma.eu\/wp-content\/uploads\/2022\/11\/feritino_tyrimas-4.jpg\",\"contentUrl\":\"https:\/\/antfarma.eu\/wp-content\/uploads\/2022\/11\/feritino_tyrimas-4.jpg\"},{\"@type\":\"BreadcrumbList\",\"@id\":\"https:\/\/antfarma.eu\/naujienos\/#breadcrumb\",\"itemListElement\":[{\"@type\":\"ListItem\",\"position\":1,\"name\":\"Prad\u017eia\",\"item\":\"https:\/\/antfarma.eu\/\"},{\"@type\":\"ListItem\",\"position\":2,\"name\":\"Naujienos\"}]},{\"@type\":\"WebSite\",\"@id\":\"https:\/\/antfarma.eu\/#website\",\"url\":\"https:\/\/antfarma.eu\/\",\"name\":\"Antfarma\",\"description\":\"Patikimas partneris sveikatos prie\u017ei\u016brai\",\"potentialAction\":[{\"@type\":\"SearchAction\",\"target\":{\"@type\":\"EntryPoint\",\"urlTemplate\":\"https:\/\/antfarma.eu\/?s={search_term_string}\"},\"query-input\":\"required name=search_term_string\"}],\"inLanguage\":\"en-US\"}]}<\/script>\n<!-- \/ Yoast SEO plugin. -->","yoast_head_json":{"title":"Naujienos - Antfarma","robots":{"index":"index","follow":"follow","max-snippet":"max-snippet:-1","max-image-preview":"max-image-preview:large","max-video-preview":"max-video-preview:-1"},"canonical":"https:\/\/antfarma.eu\/en\/news\/","og_locale":"en_US","og_type":"article","og_title":"Naujienos - Antfarma","og_description":"Naujienos Blog Laiku pasteb\u0117kite, kad organizmui tr\u016bksta gele\u017eies. Greitasis feritino testas antfarma.ficus.media 2022 8 lapkri\u010dio Blog Greitas b\u016bdas nustatyti, ar vyras (ne)vaisingas antfarma.ficus.media 2022 8 lapkri\u010dio Blog Kuo svarbus vitaminas D? Greitas testas nustatys jo tr\u016bkum\u0105 antfarma.ficus.media 2022 7 lapkri\u010dio","og_url":"https:\/\/antfarma.eu\/en\/news\/","og_site_name":"Antfarma","article_modified_time":"2024-07-02T14:39:27+00:00","og_image":[{"url":"https:\/\/antfarma.eu\/wp-content\/uploads\/2022\/11\/feritino_tyrimas-4.jpg"}],"twitter_card":"summary_large_image","twitter_misc":{"Est. reading time":"1 minute"},"schema":{"@context":"https:\/\/schema.org","@graph":[{"@type":"WebPage","@id":"https:\/\/antfarma.eu\/naujienos\/","url":"https:\/\/antfarma.eu\/naujienos\/","name":"Naujienos - Antfarma","isPartOf":{"@id":"https:\/\/antfarma.eu\/#website"},"primaryImageOfPage":{"@id":"https:\/\/antfarma.eu\/naujienos\/#primaryimage"},"image":{"@id":"https:\/\/antfarma.eu\/naujienos\/#primaryimage"},"thumbnailUrl":"https:\/\/antfarma.eu\/wp-content\/uploads\/2022\/11\/feritino_tyrimas-4.jpg","datePublished":"2022-11-08T16:07:09+00:00","dateModified":"2024-07-02T14:39:27+00:00","breadcrumb":{"@id":"https:\/\/antfarma.eu\/naujienos\/#breadcrumb"},"inLanguage":"en-US","potentialAction":[{"@type":"ReadAction","target":["https:\/\/antfarma.eu\/naujienos\/"]}]},{"@type":"ImageObject","inLanguage":"en-US","@id":"https:\/\/antfarma.eu\/naujienos\/#primaryimage","url":"https:\/\/antfarma.eu\/wp-content\/uploads\/2022\/11\/feritino_tyrimas-4.jpg","contentUrl":"https:\/\/antfarma.eu\/wp-content\/uploads\/2022\/11\/feritino_tyrimas-4.jpg"},{"@type":"BreadcrumbList","@id":"https:\/\/antfarma.eu\/naujienos\/#breadcrumb","itemListElement":[{"@type":"ListItem","position":1,"name":"Prad\u017eia","item":"https:\/\/antfarma.eu\/"},{"@type":"ListItem","position":2,"name":"Naujienos"}]},{"@type":"WebSite","@id":"https:\/\/antfarma.eu\/#website","url":"https:\/\/antfarma.eu\/","name":"Antfarma","description":"Patikimas partneris sveikatos prie\u017ei\u016brai","potentialAction":[{"@type":"SearchAction","target":{"@type":"EntryPoint","urlTemplate":"https:\/\/antfarma.eu\/?s={search_term_string}"},"query-input":"required name=search_term_string"}],"inLanguage":"en-US"}]}},"_links":{"self":[{"href":"https:\/\/antfarma.eu\/en\/wp-json\/wp\/v2\/pages\/4332"}],"collection":[{"href":"https:\/\/antfarma.eu\/en\/wp-json\/wp\/v2\/pages"}],"about":[{"href":"https:\/\/antfarma.eu\/en\/wp-json\/wp\/v2\/types\/page"}],"author":[{"embeddable":true,"href":"https:\/\/antfarma.eu\/en\/wp-json\/wp\/v2\/users\/1"}],"replies":[{"embeddable":true,"href":"https:\/\/antfarma.eu\/en\/wp-json\/wp\/v2\/comments?post=4332"}],"version-history":[{"count":19,"href":"https:\/\/antfarma.eu\/en\/wp-json\/wp\/v2\/pages\/4332\/revisions"}],"predecessor-version":[{"id":10944,"href":"https:\/\/antfarma.eu\/en\/wp-json\/wp\/v2\/pages\/4332\/revisions\/10944"}],"wp:attachment":[{"href":"https:\/\/antfarma.eu\/en\/wp-json\/wp\/v2\/media?parent=4332"}],"curies":[{"name":"wp","href":"https:\/\/api.w.org\/{rel}","templated":true}]}}