{"id":5292,"date":"2022-11-10T13:09:35","date_gmt":"2022-11-10T13:09:35","guid":{"rendered":"https:\/\/marity.qodeinteractive.com\/?page_id=5292"},"modified":"2026-03-25T14:26:54","modified_gmt":"2026-03-25T14:26:54","slug":"kontaktai","status":"publish","type":"page","link":"https:\/\/antfarma.eu\/en\/contact-us\/","title":{"rendered":"Contact"},"content":{"rendered":"<div data-elementor-type=\"wp-page\" data-elementor-id=\"5292\" class=\"elementor elementor-5292\" data-elementor-post-type=\"page\">\n\t\t\t\t\t\t<section class=\"elementor-section elementor-top-section elementor-element elementor-element-ca31306 elementor-section-full_width elementor-reverse-tablet elementor-reverse-mobile elementor-section-height-default elementor-section-height-default\" data-id=\"ca31306\" data-element_type=\"section\" data-settings=\"{&quot;background_background&quot;:&quot;classic&quot;}\">\n\t\t\t\t\t\t<div class=\"elementor-container elementor-column-gap-no\">\n\t\t\t\t\t<div class=\"elementor-column elementor-col-50 elementor-top-column elementor-element elementor-element-58cf19d\" data-id=\"58cf19d\" data-element_type=\"column\">\n\t\t\t<div class=\"elementor-widget-wrap elementor-element-populated\">\n\t\t\t\t\t\t<div class=\"elementor-element elementor-element-d29b785 elementor-widget elementor-widget-marity_core_section_title\" data-id=\"d29b785\" data-element_type=\"widget\" data-widget_type=\"marity_core_section_title.default\">\n\t\t\t\t<div class=\"elementor-widget-container\">\n\t\t\t<div class=\"qodef-shortcode qodef-m  qodef-section-title qodef-show_supertitle--no qodef-alignment--left\">\n    \t\t<h1 class=\"qodef-m-title\" >\n\t\t\t\t\tContact us\t\t\t<\/h1>\n\t    <\/div>\n\t\t<\/div>\n\t\t\t\t<\/div>\n\t\t\t\t<div class=\"elementor-element elementor-element-b512871 elementor-widget elementor-widget-marity_core_button\" data-id=\"b512871\" data-element_type=\"widget\" data-widget_type=\"marity_core_button.default\">\n\t\t\t\t<div class=\"elementor-widget-container\">\n\t\t\t<a class=\"qodef-shortcode qodef-m  qodef-button qodef-layout--textual  qodef-html--link\" href=\"https:\/\/antfarma.eu\/en\/for-partners\/\" target=\"_self\"  >\n\t<span class=\"qodef-btn-text\">Let's collaborate<\/span>\n    <span class=\"qodef-btn-arrow\"><svg class=\"qodef-svg--button-arrow\" xmlns=\"http:\/\/www.w3.org\/2000\/svg\" width=\"11.9\" height=\"11.9\" viewbox=\"0 0 11.9 11.9\"><g><path d=\"M0 .5h11.372v11.354\"\/><path stroke-width=\".75\" d=\"M11.3715.5.7587 11.1128\"\/><\/g><g><path d=\"M0 .5h11.372v11.354\"\/><path stroke-width=\".75\" d=\"M11.3715.5.7587 11.1128\"\/><\/g><\/svg><\/span>\n<\/a>\n\t\t<\/div>\n\t\t\t\t<\/div>\n\t\t\t\t\t<\/div>\n\t\t<\/div>\n\t\t\t\t<div class=\"elementor-column elementor-col-50 elementor-top-column elementor-element elementor-element-b0a0aaa\" data-id=\"b0a0aaa\" data-element_type=\"column\" data-settings=\"{&quot;background_background&quot;:&quot;classic&quot;}\">\n\t\t\t<div class=\"elementor-widget-wrap elementor-element-populated\">\n\t\t\t\t\t\t<div class=\"elementor-element elementor-element-6dcf87f elementor-widget elementor-widget-spacer\" data-id=\"6dcf87f\" data-element_type=\"widget\" data-widget_type=\"spacer.default\">\n\t\t\t\t<div class=\"elementor-widget-container\">\n\t\t\t<style>\/*! elementor - v3.22.0 - 26-06-2024 *\/\n.elementor-column .elementor-spacer-inner{height:var(--spacer-size)}.e-con{--container-widget-width:100%}.e-con-inner>.elementor-widget-spacer,.e-con>.elementor-widget-spacer{width:var(--container-widget-width,var(--spacer-size));--align-self:var(--container-widget-align-self,initial);--flex-shrink:0}.e-con-inner>.elementor-widget-spacer>.elementor-widget-container,.e-con>.elementor-widget-spacer>.elementor-widget-container{height:100%;width:100%}.e-con-inner>.elementor-widget-spacer>.elementor-widget-container>.elementor-spacer,.e-con>.elementor-widget-spacer>.elementor-widget-container>.elementor-spacer{height:100%}.e-con-inner>.elementor-widget-spacer>.elementor-widget-container>.elementor-spacer>.elementor-spacer-inner,.e-con>.elementor-widget-spacer>.elementor-widget-container>.elementor-spacer>.elementor-spacer-inner{height:var(--container-widget-height,var(--spacer-size))}.e-con-inner>.elementor-widget-spacer.elementor-widget-empty,.e-con>.elementor-widget-spacer.elementor-widget-empty{position:relative;min-height:22px;min-width:22px}.e-con-inner>.elementor-widget-spacer.elementor-widget-empty .elementor-widget-empty-icon,.e-con>.elementor-widget-spacer.elementor-widget-empty .elementor-widget-empty-icon{position:absolute;top:0;bottom:0;left:0;right:0;margin:auto;padding:0;width:22px;height:22px}<\/style>\t\t<div class=\"elementor-spacer\">\n\t\t\t<div class=\"elementor-spacer-inner\"><\/div>\n\t\t<\/div>\n\t\t\t\t<\/div>\n\t\t\t\t<\/div>\n\t\t\t\t\t<\/div>\n\t\t<\/div>\n\t\t\t\t\t<\/div>\n\t\t<\/section>\n\t\t\t\t<section class=\"elementor-section elementor-top-section elementor-element elementor-element-4a56c90 elementor-section-full_width elementor-section-height-default elementor-section-height-default\" data-id=\"4a56c90\" data-element_type=\"section\" data-settings=\"{&quot;background_background&quot;:&quot;classic&quot;}\">\n\t\t\t\t\t\t<div class=\"elementor-container elementor-column-gap-no\">\n\t\t\t\t\t<div class=\"elementor-column elementor-col-33 elementor-top-column elementor-element elementor-element-eefa600\" data-id=\"eefa600\" data-element_type=\"column\">\n\t\t\t<div class=\"elementor-widget-wrap elementor-element-populated\">\n\t\t\t\t\t\t<div class=\"elementor-element elementor-element-92979ab elementor-widget elementor-widget-marity_core_icon_with_text\" data-id=\"92979ab\" data-element_type=\"widget\" data-widget_type=\"marity_core_icon_with_text.default\">\n\t\t\t\t<div class=\"elementor-widget-container\">\n\t\t\t<div class=\"qodef-shortcode qodef-m  qodef-icon-with-text qodef-layout--top qodef-icon-gradient-bg--no qodef--icon-pack  qodef--enable-link-holder qodef-button-alignment--right qodef-alignment--left\">\n\t<div class=\"qodef-m-icon-wrapper\" >\n\t\t<span class=\"qodef-shortcode qodef-m  qodef-icon-holder qodef-size--tiny qodef-layout--circle\"  style=\"background-color: #008867\">\t\t\t<span class=\"qodef-icon-elegant-icons icon_phone qodef-icon qodef-e\" style=\"\" ><\/span>\t<\/span>\t<\/div>\n\t<div class=\"qodef-m-content\">\n\t\t\t<h5 class=\"qodef-m-title\" style=\"margin-top: 26px\">\n\t\t\t\t\t<span class=\"qodef-m-title-text\">Tel. Number<\/span>\n\t\t\t<\/h5>\n\t\t\t<p class=\"qodef-m-text\" style=\"margin-top: 8px\">+370 646 716 83<\/p>\n\t<\/div>\n        <div class=\"qodef-m-button\" >\r\n        <a class=\"qodef-shortcode qodef-m  qodef-button qodef-layout--textual  qodef-html--link\" href=\"tel: 37064671683\" target=\"_self\"  >\t<span class=\"qodef-btn-text\"><\/span>    <span class=\"qodef-btn-arrow\"><svg class=\"qodef-svg--button-arrow\" xmlns=\"http:\/\/www.w3.org\/2000\/svg\" width=\"11.9\" height=\"11.9\" viewbox=\"0 0 11.9 11.9\"><g><path d=\"M0 .5h11.372v11.354\"\/><path stroke-width=\".75\" d=\"M11.3715.5.7587 11.1128\"\/><\/g><g><path d=\"M0 .5h11.372v11.354\"\/><path stroke-width=\".75\" d=\"M11.3715.5.7587 11.1128\"\/><\/g><\/svg><\/span><\/a>    <\/div>\r\n    \t<a class=\"qodef-m-link\" href=\"tel: 37064671683\" style=\"margin-top: 8px\"><\/a>\n<\/div>\n\t\t<\/div>\n\t\t\t\t<\/div>\n\t\t\t\t\t<\/div>\n\t\t<\/div>\n\t\t\t\t<div class=\"elementor-column elementor-col-33 elementor-top-column elementor-element elementor-element-109918d\" data-id=\"109918d\" data-element_type=\"column\">\n\t\t\t<div class=\"elementor-widget-wrap elementor-element-populated\">\n\t\t\t\t\t\t<div class=\"elementor-element elementor-element-9b204ac elementor-widget elementor-widget-marity_core_icon_with_text\" data-id=\"9b204ac\" data-element_type=\"widget\" data-widget_type=\"marity_core_icon_with_text.default\">\n\t\t\t\t<div class=\"elementor-widget-container\">\n\t\t\t<div class=\"qodef-shortcode qodef-m  qodef-icon-with-text qodef-layout--top qodef-icon-gradient-bg--no qodef--icon-pack  qodef--enable-link-holder qodef-button-alignment--right qodef-alignment--left\">\n\t<div class=\"qodef-m-icon-wrapper\" >\n\t\t<span class=\"qodef-shortcode qodef-m  qodef-icon-holder qodef-size--tiny qodef-layout--circle\"  style=\"background-color: #008867\">\t\t\t<span class=\"qodef-icon-elegant-icons icon_mail qodef-icon qodef-e\" style=\"\" ><\/span>\t<\/span>\t<\/div>\n\t<div class=\"qodef-m-content\">\n\t\t\t<h5 class=\"qodef-m-title\" style=\"margin-top: 26px\">\n\t\t\t\t\t<span class=\"qodef-m-title-text\">Email<\/span>\n\t\t\t<\/h5>\n\t\t\t<p class=\"qodef-m-text\" style=\"margin-top: 8px\">info@antfarma.eu<\/p>\n\t<\/div>\n        <div class=\"qodef-m-button\" >\r\n        <a class=\"qodef-shortcode qodef-m  qodef-button qodef-layout--textual  qodef-html--link\" href=\"mailto:info@antfarma.eu\" target=\"_self\"  >\t<span class=\"qodef-btn-text\"><\/span>    <span class=\"qodef-btn-arrow\"><svg class=\"qodef-svg--button-arrow\" xmlns=\"http:\/\/www.w3.org\/2000\/svg\" width=\"11.9\" height=\"11.9\" viewbox=\"0 0 11.9 11.9\"><g><path d=\"M0 .5h11.372v11.354\"\/><path stroke-width=\".75\" d=\"M11.3715.5.7587 11.1128\"\/><\/g><g><path d=\"M0 .5h11.372v11.354\"\/><path stroke-width=\".75\" d=\"M11.3715.5.7587 11.1128\"\/><\/g><\/svg><\/span><\/a>    <\/div>\r\n    \t<a class=\"qodef-m-link\" href=\"mailto:info@antfarma.eu\" style=\"margin-top: 8px\"><\/a>\n<\/div>\n\t\t<\/div>\n\t\t\t\t<\/div>\n\t\t\t\t\t<\/div>\n\t\t<\/div>\n\t\t\t\t<div class=\"elementor-column elementor-col-33 elementor-top-column elementor-element elementor-element-1d71cdd\" data-id=\"1d71cdd\" data-element_type=\"column\">\n\t\t\t<div class=\"elementor-widget-wrap elementor-element-populated\">\n\t\t\t\t\t\t<div class=\"elementor-element elementor-element-f789b25 elementor-widget elementor-widget-marity_core_icon_with_text\" data-id=\"f789b25\" data-element_type=\"widget\" data-widget_type=\"marity_core_icon_with_text.default\">\n\t\t\t\t<div class=\"elementor-widget-container\">\n\t\t\t<div class=\"qodef-shortcode qodef-m  qodef-icon-with-text qodef-layout--top qodef-icon-gradient-bg--no qodef--icon-pack  qodef--enable-link-holder qodef-button-alignment--right qodef-alignment--left\">\n\t<div class=\"qodef-m-icon-wrapper\" >\n\t\t<span class=\"qodef-shortcode qodef-m  qodef-icon-holder qodef-size--tiny qodef-layout--circle\"  style=\"background-color: #008867\">\t\t\t<span class=\"qodef-icon-elegant-icons icon_pin qodef-icon qodef-e\" style=\"\" ><\/span>\t<\/span>\t<\/div>\n\t<div class=\"qodef-m-content\">\n\t\t\t<h5 class=\"qodef-m-title\" style=\"margin-top: 26px\">\n\t\t\t\t\t<span class=\"qodef-m-title-text\">Address<\/span>\n\t\t\t<\/h5>\n\t\t\t<p class=\"qodef-m-text\" style=\"margin-top: 8px\">Paneri\u0173 g. 64, 01360 Vilnius Lithuania<\/p>\n\t<\/div>\n        <div class=\"qodef-m-button\" >\r\n        <a class=\"qodef-shortcode qodef-m  qodef-button qodef-layout--textual  qodef-html--link\" href=\"https:\/\/www.google.com\/maps?ll=54.665113,25.252446&#038;z=10&#038;t=m&#038;hl=en-GB&#038;gl=US&#038;mapclient=embed&#038;q=Paneri%C5%B3+g.+64+Vilnius+03202+Vilniaus+m.+sav.\" target=\"_self\"  >\t<span class=\"qodef-btn-text\"> <\/span>    <span class=\"qodef-btn-arrow\"><svg class=\"qodef-svg--button-arrow\" xmlns=\"http:\/\/www.w3.org\/2000\/svg\" width=\"11.9\" height=\"11.9\" viewbox=\"0 0 11.9 11.9\"><g><path d=\"M0 .5h11.372v11.354\"\/><path stroke-width=\".75\" d=\"M11.3715.5.7587 11.1128\"\/><\/g><g><path d=\"M0 .5h11.372v11.354\"\/><path stroke-width=\".75\" d=\"M11.3715.5.7587 11.1128\"\/><\/g><\/svg><\/span><\/a>    <\/div>\r\n    \t<a class=\"qodef-m-link\" href=\"https:\/\/www.google.com\/maps?ll=54.665113,25.252446&amp;z=10&amp;t=m&amp;hl=en-GB&amp;gl=US&amp;mapclient=embed&amp;q=Paneri%C5%B3+g.+64+Vilnius+03202+Vilniaus+m.+sav.\" style=\"margin-top: 8px\"><\/a>\n<\/div>\n\t\t<\/div>\n\t\t\t\t<\/div>\n\t\t\t\t\t<\/div>\n\t\t<\/div>\n\t\t\t\t\t<\/div>\n\t\t<\/section>\n\t\t<div class=\"elementor-element elementor-element-7e422d3 e-con-full e-flex e-con e-parent\" data-id=\"7e422d3\" data-element_type=\"container\">\n\t\t\t\t<div class=\"elementor-element elementor-element-c1e86b5 elementor-widget elementor-widget-google_maps\" data-id=\"c1e86b5\" data-element_type=\"widget\" data-widget_type=\"google_maps.default\">\n\t\t\t\t<div class=\"elementor-widget-container\">\n\t\t\t<style>\/*! elementor - v3.22.0 - 26-06-2024 *\/\n.elementor-widget-google_maps .elementor-widget-container{overflow:hidden}.elementor-widget-google_maps .elementor-custom-embed{line-height:0}.elementor-widget-google_maps iframe{height:300px}<\/style>\t\t<div class=\"elementor-custom-embed\">\n\t\t\t<iframe loading=\"lazy\"\n\t\t\t\t\tsrc=\"https:\/\/maps.google.com\/maps?q=antservis&#038;t=m&#038;z=13&#038;output=embed&#038;iwloc=near\"\n\t\t\t\t\ttitle=\"repair service\"\n\t\t\t\t\taria-label=\"repair service\"\n\t\t\t><\/iframe>\n\t\t<\/div>\n\t\t\t\t<\/div>\n\t\t\t\t<\/div>\n\t\t\t\t<\/div>\n\t\t<div class=\"elementor-element elementor-element-635eb89 e-flex e-con-boxed e-con e-parent\" data-id=\"635eb89\" data-element_type=\"container\">\n\t\t\t\t\t<div class=\"e-con-inner\">\n\t\t\t\t<div class=\"elementor-element elementor-element-911631b elementor-widget elementor-widget-heading\" data-id=\"911631b\" data-element_type=\"widget\" data-widget_type=\"heading.default\">\n\t\t\t\t<div class=\"elementor-widget-container\">\n\t\t\t<style>\/*! elementor - v3.22.0 - 26-06-2024 *\/\n.elementor-heading-title{padding:0;margin:0;line-height:1}.elementor-widget-heading .elementor-heading-title[class*=elementor-size-]>a{color:inherit;font-size:inherit;line-height:inherit}.elementor-widget-heading .elementor-heading-title.elementor-size-small{font-size:15px}.elementor-widget-heading .elementor-heading-title.elementor-size-medium{font-size:19px}.elementor-widget-heading .elementor-heading-title.elementor-size-large{font-size:29px}.elementor-widget-heading .elementor-heading-title.elementor-size-xl{font-size:39px}.elementor-widget-heading .elementor-heading-title.elementor-size-xxl{font-size:59px}<\/style><h2 class=\"elementor-heading-title elementor-size-default\">Write to us<\/h2>\t\t<\/div>\n\t\t\t\t<\/div>\n\t\t\t\t<div class=\"elementor-element elementor-element-69e26ab elementor-widget elementor-widget-qi_addons_for_elementor_contact_form_7\" data-id=\"69e26ab\" data-element_type=\"widget\" data-widget_type=\"qi_addons_for_elementor_contact_form_7.default\">\n\t\t\t\t<div class=\"elementor-widget-container\">\n\t\t\t<div class=\"qodef-shortcode qodef-m  qodef-qi-contact-form-7\">\n\t\n<div class=\"wpcf7 no-js\" id=\"wpcf7-f9601-o1\" lang=\"en-US\" dir=\"ltr\">\n<div class=\"screen-reader-response\"><p role=\"status\" aria-live=\"polite\" aria-atomic=\"true\"><\/p> <ul><\/ul><\/div>\n<form action=\"\/en\/wp-json\/wp\/v2\/pages\/5292#wpcf7-f9601-o1\" method=\"post\" class=\"wpcf7-form init\" aria-label=\"Contact form\" novalidate=\"novalidate\" data-status=\"init\" data-trp-original-action=\"\/en\/wp-json\/wp\/v2\/pages\/5292#wpcf7-f9601-o1\">\n<div style=\"display: none;\">\n<input type=\"hidden\" name=\"_wpcf7\" value=\"9601\" \/>\n<input type=\"hidden\" name=\"_wpcf7_version\" value=\"5.9.7\" \/>\n<input type=\"hidden\" name=\"_wpcf7_locale\" value=\"en_US\" \/>\n<input type=\"hidden\" name=\"_wpcf7_unit_tag\" value=\"wpcf7-f9601-o1\" \/>\n<input type=\"hidden\" name=\"_wpcf7_container_post\" value=\"0\" \/>\n<input type=\"hidden\" name=\"_wpcf7_posted_data_hash\" value=\"\" \/>\n<\/div>\n<label> Company name\n    <span class=\"wpcf7-form-control-wrap\" data-name=\"business-name\"><input size=\"40\" maxlength=\"400\" class=\"wpcf7-form-control wpcf7-text wpcf7-validates-as-required\" aria-required=\"true\" aria-invalid=\"false\" value=\"\" type=\"text\" name=\"business-name\" \/><\/span> <\/label>\n\n<label> Product category\n<span class=\"wpcf7-form-control-wrap\" data-name=\"product-category\"><span class=\"wpcf7-form-control wpcf7-checkbox wpcf7-validates-as-required\"><span class=\"wpcf7-list-item first\"><input type=\"checkbox\" name=\"product-category[]\" value=\"Laboratorijoms\" \/><span class=\"wpcf7-list-item-label\">For laboratories<\/span><\/span><span class=\"wpcf7-list-item\"><input type=\"checkbox\" name=\"product-category[]\" value=\"Profesionalaus naudojimo testai\" \/><span class=\"wpcf7-list-item-label\">Professional Use Tests<\/span><\/span><span class=\"wpcf7-list-item\"><input type=\"checkbox\" name=\"product-category[]\" value=\"Testera testai\" \/><span class=\"wpcf7-list-item-label\">Testera tests<\/span><\/span><span class=\"wpcf7-list-item last\"><input type=\"checkbox\" name=\"product-category[]\" value=\"Medicinos prietaisai\" \/><span class=\"wpcf7-list-item-label\">Medical devices<\/span><\/span><\/span><\/span> <\/label>\n\n<label> Message to\n    <span class=\"wpcf7-form-control-wrap\" data-name=\"message\"><textarea cols=\"40\" rows=\"3\" maxlength=\"2000\" class=\"wpcf7-form-control wpcf7-textarea wpcf7-validates-as-required\" aria-required=\"true\" aria-invalid=\"false\" name=\"message\"><\/textarea><\/span> <\/label>\n\n<label> Name and surname of company representative\n    <span class=\"wpcf7-form-control-wrap\" data-name=\"contact-person-name\"><input size=\"40\" maxlength=\"400\" class=\"wpcf7-form-control wpcf7-text wpcf7-validates-as-required\" aria-required=\"true\" aria-invalid=\"false\" value=\"\" type=\"text\" name=\"contact-person-name\" \/><\/span> <\/label>\n\n<label> Tel. No.\n    <span class=\"wpcf7-form-control-wrap\" data-name=\"contact-person-phone\"><input size=\"40\" maxlength=\"400\" class=\"wpcf7-form-control wpcf7-text wpcf7-validates-as-required\" aria-required=\"true\" aria-invalid=\"false\" value=\"\" type=\"text\" name=\"contact-person-phone\" \/><\/span> <\/label>\n\n<label> Email\n    <span class=\"wpcf7-form-control-wrap\" data-name=\"contact-person-email\"><input size=\"40\" maxlength=\"400\" class=\"wpcf7-form-control wpcf7-email wpcf7-validates-as-required wpcf7-text wpcf7-validates-as-email\" aria-required=\"true\" aria-invalid=\"false\" value=\"\" type=\"email\" name=\"contact-person-email\" \/><\/span> <\/label>\n\n<button class=\"wpcf7-form-control wpcf7-submit qodef-button qodef-size--normal qodef-layout--outlined qodef-m\" type=\"submit\"><span class=\"qodef-m-text\">Contact<\/span><\/button><div class=\"wpcf7-response-output\" aria-hidden=\"true\"><\/div>\n<input type=\"hidden\" name=\"trp-form-language\" value=\"en\"\/><\/form>\n<\/div>\n<\/div>\n\t\t<\/div>\n\t\t\t\t<\/div>\n\t\t\t\t\t<\/div>\n\t\t\t\t<\/div>\n\t\t\t\t<\/div>","protected":false},"excerpt":{"rendered":"<p>Susisiekite su mumis Bendradarbiaukime Tel. numeris +370 646 716 83 El. pa\u0161tas info@antfarma.eu Adresas Paneri\u0173 g. 64, 01360 Vilnius Lietuva Ra\u0161ykite mums \u012emon\u0117s pavadinimas Produkt\u0173 kategorija LaboratorijomsProfesionalaus naudojimo testaiTestera testaiMedicinos prietaisai \u017dinut\u0117 \u012emon\u0117s atstovo vardas ir pavard\u0117 Tel. nr. El. pa\u0161tas Si\u0173sti<\/p>","protected":false},"author":1,"featured_media":0,"parent":0,"menu_order":0,"comment_status":"closed","ping_status":"closed","template":"page-full-width.php","meta":{"_acf_changed":false,"footnotes":""},"class_list":["post-5292","page","type-page","status-publish","hentry"],"acf":[],"yoast_head":"<!-- This site is optimized with the Yoast SEO plugin v23.1 - https:\/\/yoast.com\/wordpress\/plugins\/seo\/ -->\n<title>Kontaktai - Antfarma<\/title>\n<meta name=\"description\" content=\"Susisiekite su Antfarma: el. pa\u0161tu info@antfarma.eu, telefonu +370 646 716 83 arba para\u0161ykite mums tiesiogiai. Paneri\u0173 g. 64, Vilnius.\" \/>\n<meta name=\"robots\" content=\"index, follow, max-snippet:-1, max-image-preview:large, max-video-preview:-1\" \/>\n<link rel=\"canonical\" href=\"https:\/\/antfarma.eu\/en\/contact-us\/\" \/>\n<meta property=\"og:locale\" content=\"en_US\" \/>\n<meta property=\"og:type\" content=\"article\" \/>\n<meta property=\"og:title\" content=\"Kontaktai - Antfarma\" \/>\n<meta property=\"og:description\" content=\"Susisiekite su Antfarma: el. pa\u0161tu info@antfarma.eu, telefonu +370 646 716 83 arba para\u0161ykite mums tiesiogiai. Paneri\u0173 g. 64, Vilnius.\" \/>\n<meta property=\"og:url\" content=\"https:\/\/antfarma.eu\/en\/contact-us\/\" \/>\n<meta property=\"og:site_name\" content=\"Antfarma\" \/>\n<meta property=\"article:modified_time\" content=\"2026-03-25T14:26:54+00:00\" \/>\n<meta name=\"twitter:card\" content=\"summary_large_image\" \/>\n<meta name=\"twitter:label1\" content=\"Est. reading time\" \/>\n\t<meta name=\"twitter:data1\" content=\"1 minute\" \/>\n<script type=\"application\/ld+json\" class=\"yoast-schema-graph\">{\"@context\":\"https:\/\/schema.org\",\"@graph\":[{\"@type\":\"WebPage\",\"@id\":\"https:\/\/antfarma.eu\/kontaktai\/\",\"url\":\"https:\/\/antfarma.eu\/kontaktai\/\",\"name\":\"Kontaktai - Antfarma\",\"isPartOf\":{\"@id\":\"https:\/\/antfarma.eu\/#website\"},\"datePublished\":\"2022-11-10T13:09:35+00:00\",\"dateModified\":\"2026-03-25T14:26:54+00:00\",\"description\":\"Susisiekite su Antfarma: el. pa\u0161tu info@antfarma.eu, telefonu +370 646 716 83 arba para\u0161ykite mums tiesiogiai. Paneri\u0173 g. 64, Vilnius.\",\"breadcrumb\":{\"@id\":\"https:\/\/antfarma.eu\/kontaktai\/#breadcrumb\"},\"inLanguage\":\"en-US\",\"potentialAction\":[{\"@type\":\"ReadAction\",\"target\":[\"https:\/\/antfarma.eu\/kontaktai\/\"]}]},{\"@type\":\"BreadcrumbList\",\"@id\":\"https:\/\/antfarma.eu\/kontaktai\/#breadcrumb\",\"itemListElement\":[{\"@type\":\"ListItem\",\"position\":1,\"name\":\"Prad\u017eia\",\"item\":\"https:\/\/antfarma.eu\/\"},{\"@type\":\"ListItem\",\"position\":2,\"name\":\"Kontaktai\"}]},{\"@type\":\"WebSite\",\"@id\":\"https:\/\/antfarma.eu\/#website\",\"url\":\"https:\/\/antfarma.eu\/\",\"name\":\"Antfarma\",\"description\":\"Patikimas partneris sveikatos prie\u017ei\u016brai\",\"potentialAction\":[{\"@type\":\"SearchAction\",\"target\":{\"@type\":\"EntryPoint\",\"urlTemplate\":\"https:\/\/antfarma.eu\/?s={search_term_string}\"},\"query-input\":\"required name=search_term_string\"}],\"inLanguage\":\"en-US\"}]}<\/script>\n<!-- \/ Yoast SEO plugin. -->","yoast_head_json":{"title":"Kontaktai - Antfarma","description":"Susisiekite su Antfarma: el. pa\u0161tu info@antfarma.eu, telefonu +370 646 716 83 arba para\u0161ykite mums tiesiogiai. Paneri\u0173 g. 64, Vilnius.","robots":{"index":"index","follow":"follow","max-snippet":"max-snippet:-1","max-image-preview":"max-image-preview:large","max-video-preview":"max-video-preview:-1"},"canonical":"https:\/\/antfarma.eu\/en\/contact-us\/","og_locale":"en_US","og_type":"article","og_title":"Kontaktai - Antfarma","og_description":"Susisiekite su Antfarma: el. pa\u0161tu info@antfarma.eu, telefonu +370 646 716 83 arba para\u0161ykite mums tiesiogiai. Paneri\u0173 g. 64, Vilnius.","og_url":"https:\/\/antfarma.eu\/en\/contact-us\/","og_site_name":"Antfarma","article_modified_time":"2026-03-25T14:26:54+00:00","twitter_card":"summary_large_image","twitter_misc":{"Est. reading time":"1 minute"},"schema":{"@context":"https:\/\/schema.org","@graph":[{"@type":"WebPage","@id":"https:\/\/antfarma.eu\/kontaktai\/","url":"https:\/\/antfarma.eu\/kontaktai\/","name":"Kontaktai - Antfarma","isPartOf":{"@id":"https:\/\/antfarma.eu\/#website"},"datePublished":"2022-11-10T13:09:35+00:00","dateModified":"2026-03-25T14:26:54+00:00","description":"Susisiekite su Antfarma: el. pa\u0161tu info@antfarma.eu, telefonu +370 646 716 83 arba para\u0161ykite mums tiesiogiai. Paneri\u0173 g. 64, Vilnius.","breadcrumb":{"@id":"https:\/\/antfarma.eu\/kontaktai\/#breadcrumb"},"inLanguage":"en-US","potentialAction":[{"@type":"ReadAction","target":["https:\/\/antfarma.eu\/kontaktai\/"]}]},{"@type":"BreadcrumbList","@id":"https:\/\/antfarma.eu\/kontaktai\/#breadcrumb","itemListElement":[{"@type":"ListItem","position":1,"name":"Prad\u017eia","item":"https:\/\/antfarma.eu\/"},{"@type":"ListItem","position":2,"name":"Kontaktai"}]},{"@type":"WebSite","@id":"https:\/\/antfarma.eu\/#website","url":"https:\/\/antfarma.eu\/","name":"Antfarma","description":"Patikimas partneris sveikatos prie\u017ei\u016brai","potentialAction":[{"@type":"SearchAction","target":{"@type":"EntryPoint","urlTemplate":"https:\/\/antfarma.eu\/?s={search_term_string}"},"query-input":"required name=search_term_string"}],"inLanguage":"en-US"}]}},"_links":{"self":[{"href":"https:\/\/antfarma.eu\/en\/wp-json\/wp\/v2\/pages\/5292"}],"collection":[{"href":"https:\/\/antfarma.eu\/en\/wp-json\/wp\/v2\/pages"}],"about":[{"href":"https:\/\/antfarma.eu\/en\/wp-json\/wp\/v2\/types\/page"}],"author":[{"embeddable":true,"href":"https:\/\/antfarma.eu\/en\/wp-json\/wp\/v2\/users\/1"}],"replies":[{"embeddable":true,"href":"https:\/\/antfarma.eu\/en\/wp-json\/wp\/v2\/comments?post=5292"}],"version-history":[{"count":31,"href":"https:\/\/antfarma.eu\/en\/wp-json\/wp\/v2\/pages\/5292\/revisions"}],"predecessor-version":[{"id":12601,"href":"https:\/\/antfarma.eu\/en\/wp-json\/wp\/v2\/pages\/5292\/revisions\/12601"}],"wp:attachment":[{"href":"https:\/\/antfarma.eu\/en\/wp-json\/wp\/v2\/media?parent=5292"}],"curies":[{"name":"wp","href":"https:\/\/api.w.org\/{rel}","templated":true}]}}