{"id":5771,"date":"2022-11-14T11:01:38","date_gmt":"2022-11-14T11:01:38","guid":{"rendered":"https:\/\/marity.qodeinteractive.com\/?page_id=5771"},"modified":"2026-03-25T14:27:23","modified_gmt":"2026-03-25T14:27:23","slug":"duk","status":"publish","type":"page","link":"https:\/\/antfarma.eu\/en\/faq\/","title":{"rendered":"FAQ"},"content":{"rendered":"<div data-elementor-type=\"wp-page\" data-elementor-id=\"5771\" class=\"elementor elementor-5771\" data-elementor-post-type=\"page\">\n\t\t\t\t\t\t<section class=\"elementor-section elementor-top-section elementor-element elementor-element-703d746 elementor-section-full_width elementor-section-height-default elementor-section-height-default\" data-id=\"703d746\" data-element_type=\"section\" data-settings=\"{&quot;background_background&quot;:&quot;classic&quot;}\">\n\t\t\t\t\t\t<div class=\"elementor-container elementor-column-gap-no\">\n\t\t\t\t\t<div class=\"elementor-column elementor-col-100 elementor-top-column elementor-element elementor-element-7002b38\" data-id=\"7002b38\" data-element_type=\"column\">\n\t\t\t<div class=\"elementor-widget-wrap elementor-element-populated\">\n\t\t\t\t\t\t<div class=\"elementor-element elementor-element-de0b808 elementor-widget elementor-widget-marity_core_section_title\" data-id=\"de0b808\" data-element_type=\"widget\" data-widget_type=\"marity_core_section_title.default\">\n\t\t\t\t<div class=\"elementor-widget-container\">\n\t\t\t<div class=\"qodef-shortcode qodef-m  qodef-section-title qodef-show_supertitle--no qodef-alignment--left\">\n    \t\t<p class=\"qodef-m-title\" style=\"color: #20313A;font-size: 50px;font-weight: 400;line-height: 60px\">\n\t\t\t\t\tFrequently asked questions<br \/> Questions\t\t\t<\/p>\n\t    <\/div>\n\t\t<\/div>\n\t\t\t\t<\/div>\n\t\t\t\t\t<\/div>\n\t\t<\/div>\n\t\t\t\t\t<\/div>\n\t\t<\/section>\n\t\t\t\t<section class=\"elementor-section elementor-top-section elementor-element elementor-element-fd25917 elementor-section-full_width elementor-section-height-default elementor-section-height-default\" data-id=\"fd25917\" data-element_type=\"section\">\n\t\t\t\t\t\t<div class=\"elementor-container elementor-column-gap-no\">\n\t\t\t\t\t<div class=\"elementor-column elementor-col-50 elementor-top-column elementor-element elementor-element-974d423\" data-id=\"974d423\" data-element_type=\"column\">\n\t\t\t<div class=\"elementor-widget-wrap elementor-element-populated\">\n\t\t\t\t\t\t<div class=\"elementor-element elementor-element-515a28d elementor-widget elementor-widget-marity_core_accordion\" data-id=\"515a28d\" data-element_type=\"widget\" data-widget_type=\"marity_core_accordion.default\">\n\t\t\t\t<div class=\"elementor-widget-container\">\n\t\t\t<div class=\"qodef-shortcode qodef-m  qodef-accordion clear qodef-behavior--accordion qodef-title-reverse-order--yes qodef-layout--simple\">\n\t<h6 class=\"qodef-accordion-title\">\n\t<span class=\"qodef-tab-title\">DO THE PRODUCTS HAVE CERTIFICATES?<\/span>\n\t<span class=\"qodef-accordion-mark\">\n\t\t<span class=\"qodef-icon--plus\">\n            <svg xmlns=\"http:\/\/www.w3.org\/2000\/svg\" width=\"15\" height=\"15\" viewbox=\"0 0 15 15\" fill=\"currentColor\" stroke=\"none\">\n                <path d=\"M0 7h15v1H0z\"\/>\n                <path d=\"M7 15V0h1v15z\"\/>\n            <\/svg>\n        <\/span>\n\t<\/span>\n<\/h6>\n<div class=\"qodef-accordion-content\">\n\t<div class=\"qodef-accordion-content-inner\">\n\t\t<p>All our products meet legal safety and quality requirements and have all the certificates required for trade in Europe.<\/p>\t<\/div>\n<\/div>\n<h6 class=\"qodef-accordion-title\">\n\t<span class=\"qodef-tab-title\">HOW TO ORDER?<\/span>\n\t<span class=\"qodef-accordion-mark\">\n\t\t<span class=\"qodef-icon--plus\">\n            <svg xmlns=\"http:\/\/www.w3.org\/2000\/svg\" width=\"15\" height=\"15\" viewbox=\"0 0 15 15\" fill=\"currentColor\" stroke=\"none\">\n                <path d=\"M0 7h15v1H0z\"\/>\n                <path d=\"M7 15V0h1v15z\"\/>\n            <\/svg>\n        <\/span>\n\t<\/span>\n<\/h6>\n<div class=\"qodef-accordion-content\">\n\t<div class=\"qodef-accordion-content-inner\">\n\t\t<p>You are welcome to contact our manager directly or via the general contact details provided:<\/p><p>Email: info@antfarma.eu<\/p><p>mob.: +370 646 716 83<\/p>\t<\/div>\n<\/div>\n<h6 class=\"qodef-accordion-title\">\n\t<span class=\"qodef-tab-title\">HOW DO I FIND OUT THE PRICE OF A PRODUCT?<\/span>\n\t<span class=\"qodef-accordion-mark\">\n\t\t<span class=\"qodef-icon--plus\">\n            <svg xmlns=\"http:\/\/www.w3.org\/2000\/svg\" width=\"15\" height=\"15\" viewbox=\"0 0 15 15\" fill=\"currentColor\" stroke=\"none\">\n                <path d=\"M0 7h15v1H0z\"\/>\n                <path d=\"M7 15V0h1v15z\"\/>\n            <\/svg>\n        <\/span>\n\t<\/span>\n<\/h6>\n<div class=\"qodef-accordion-content\">\n\t<div class=\"qodef-accordion-content-inner\">\n\t\t<p>After contacting the manager, detailing your needs in terms of product quantity, logistics solution, etc., we will provide you with a tailor-made offer with price.<\/p>\t<\/div>\n<\/div>\n<h6 class=\"qodef-accordion-title\">\n\t<span class=\"qodef-tab-title\">IF I WANT A PRODUCT THAT IS NOT ON THE WEBSITE?<\/span>\n\t<span class=\"qodef-accordion-mark\">\n\t\t<span class=\"qodef-icon--plus\">\n            <svg xmlns=\"http:\/\/www.w3.org\/2000\/svg\" width=\"15\" height=\"15\" viewbox=\"0 0 15 15\" fill=\"currentColor\" stroke=\"none\">\n                <path d=\"M0 7h15v1H0z\"\/>\n                <path d=\"M7 15V0h1v15z\"\/>\n            <\/svg>\n        <\/span>\n\t<\/span>\n<\/h6>\n<div class=\"qodef-accordion-content\">\n\t<div class=\"qodef-accordion-content-inner\">\n\t\t<p>You are always welcome to contact us directly to enquire about the product you want. In many cases, we can offer more products than we can put on our website.<\/p>\t<\/div>\n<\/div>\n<h6 class=\"qodef-accordion-title\">\n\t<span class=\"qodef-tab-title\">IN WHICH LANGUAGES ARE THE INSTRUCTIONS FOR USE AVAILABLE?<\/span>\n\t<span class=\"qodef-accordion-mark\">\n\t\t<span class=\"qodef-icon--plus\">\n            <svg xmlns=\"http:\/\/www.w3.org\/2000\/svg\" width=\"15\" height=\"15\" viewbox=\"0 0 15 15\" fill=\"currentColor\" stroke=\"none\">\n                <path d=\"M0 7h15v1H0z\"\/>\n                <path d=\"M7 15V0h1v15z\"\/>\n            <\/svg>\n        <\/span>\n\t<\/span>\n<\/h6>\n<div class=\"qodef-accordion-content\">\n\t<div class=\"qodef-accordion-content-inner\">\n\t\t<p>Instructions for use for the self-test line are available in Lithuanian, English, Polish, Latvian, Estonian and German. We can also provide translations into other languages, which can be arranged during an individual consultation.<\/p>\t<\/div>\n<\/div>\n<h6 class=\"qodef-accordion-title\">\n\t<span class=\"qodef-tab-title\">CAN YOU DELIVER THE GOODS?<\/span>\n\t<span class=\"qodef-accordion-mark\">\n\t\t<span class=\"qodef-icon--plus\">\n            <svg xmlns=\"http:\/\/www.w3.org\/2000\/svg\" width=\"15\" height=\"15\" viewbox=\"0 0 15 15\" fill=\"currentColor\" stroke=\"none\">\n                <path d=\"M0 7h15v1H0z\"\/>\n                <path d=\"M7 15V0h1v15z\"\/>\n            <\/svg>\n        <\/span>\n\t<\/span>\n<\/h6>\n<div class=\"qodef-accordion-content\">\n\t<div class=\"qodef-accordion-content-inner\">\n\t\t<p>Customers can pick up their orders themselves from our warehouses in Vilnius or use the services of our partner courier services.<\/p>\t<\/div>\n<\/div>\n<h6 class=\"qodef-accordion-title\">\n\t<span class=\"qodef-tab-title\">HOW SOON CAN I GET THE PRODUCT?<\/span>\n\t<span class=\"qodef-accordion-mark\">\n\t\t<span class=\"qodef-icon--plus\">\n            <svg xmlns=\"http:\/\/www.w3.org\/2000\/svg\" width=\"15\" height=\"15\" viewbox=\"0 0 15 15\" fill=\"currentColor\" stroke=\"none\">\n                <path d=\"M0 7h15v1H0z\"\/>\n                <path d=\"M7 15V0h1v15z\"\/>\n            <\/svg>\n        <\/span>\n\t<\/span>\n<\/h6>\n<div class=\"qodef-accordion-content\">\n\t<div class=\"qodef-accordion-content-inner\">\n\t\t<p>If you place your order on a working day and we have the goods you want in stock, we will dispatch your order within 24 hours of receiving your order. Otherwise, we agree on the delivery schedule individually.<\/p>\t<\/div>\n<\/div>\n<h6 class=\"qodef-accordion-title\">\n\t<span class=\"qodef-tab-title\">ARE THE TESTS SUITABLE FOR SELF-TESTING?<\/span>\n\t<span class=\"qodef-accordion-mark\">\n\t\t<span class=\"qodef-icon--plus\">\n            <svg xmlns=\"http:\/\/www.w3.org\/2000\/svg\" width=\"15\" height=\"15\" viewbox=\"0 0 15 15\" fill=\"currentColor\" stroke=\"none\">\n                <path d=\"M0 7h15v1H0z\"\/>\n                <path d=\"M7 15V0h1v15z\"\/>\n            <\/svg>\n        <\/span>\n\t<\/span>\n<\/h6>\n<div class=\"qodef-accordion-content\">\n\t<div class=\"qodef-accordion-content-inner\">\n\t\t<p>Yes, our range includes Testera brand tests for home testing, i.e. self-monitoring. They are designed to test for pregnancy, vitamin D levels and more. You can find these tests by clicking on the following link: link.<\/p>\t<\/div>\n<\/div>\n<h6 class=\"qodef-accordion-title\">\n\t<span class=\"qodef-tab-title\">WHAT IS THE EXPIRY DATE OF THE TESTS?<\/span>\n\t<span class=\"qodef-accordion-mark\">\n\t\t<span class=\"qodef-icon--plus\">\n            <svg xmlns=\"http:\/\/www.w3.org\/2000\/svg\" width=\"15\" height=\"15\" viewbox=\"0 0 15 15\" fill=\"currentColor\" stroke=\"none\">\n                <path d=\"M0 7h15v1H0z\"\/>\n                <path d=\"M7 15V0h1v15z\"\/>\n            <\/svg>\n        <\/span>\n\t<\/span>\n<\/h6>\n<div class=\"qodef-accordion-content\">\n\t<div class=\"qodef-accordion-content-inner\">\n\t\t<p>The normal shelf life of the products is 24-36 months. The shelf life varies depending on the product. However, we would like to point out that due to the high volume of orders, we do not keep products in stock. Customers therefore normally receive products with a lifetime of only a few months, which ensures maximum marketability.<\/p>\t<\/div>\n<\/div>\n<\/div>\n\t\t<\/div>\n\t\t\t\t<\/div>\n\t\t\t\t\t<\/div>\n\t\t<\/div>\n\t\t\t\t<div class=\"elementor-column elementor-col-50 elementor-top-column elementor-element elementor-element-ffcc775\" data-id=\"ffcc775\" data-element_type=\"column\">\n\t\t\t<div class=\"elementor-widget-wrap elementor-element-populated\">\n\t\t\t\t\t\t<section class=\"elementor-section elementor-inner-section elementor-element elementor-element-6789c88 elementor-section-full_width elementor-section-height-default elementor-section-height-default\" data-id=\"6789c88\" data-element_type=\"section\" data-settings=\"{&quot;background_background&quot;:&quot;classic&quot;}\">\n\t\t\t\t\t\t<div class=\"elementor-container elementor-column-gap-no\">\n\t\t\t\t\t<div class=\"elementor-column elementor-col-50 elementor-inner-column elementor-element elementor-element-dfee752\" data-id=\"dfee752\" data-element_type=\"column\">\n\t\t\t<div class=\"elementor-widget-wrap elementor-element-populated\">\n\t\t\t\t\t\t<div class=\"elementor-element elementor-element-ad86e9d elementor-widget elementor-widget-text-editor\" data-id=\"ad86e9d\" data-element_type=\"widget\" data-widget_type=\"text-editor.default\">\n\t\t\t\t<div class=\"elementor-widget-container\">\n\t\t\t<style>\/*! elementor - v3.22.0 - 26-06-2024 *\/\n.elementor-widget-text-editor.elementor-drop-cap-view-stacked .elementor-drop-cap{background-color:#69727d;color:#fff}.elementor-widget-text-editor.elementor-drop-cap-view-framed .elementor-drop-cap{color:#69727d;border:3px solid;background-color:transparent}.elementor-widget-text-editor:not(.elementor-drop-cap-view-default) .elementor-drop-cap{margin-top:8px}.elementor-widget-text-editor:not(.elementor-drop-cap-view-default) .elementor-drop-cap-letter{width:1em;height:1em}.elementor-widget-text-editor .elementor-drop-cap{float:left;text-align:center;line-height:1;font-size:50px}.elementor-widget-text-editor .elementor-drop-cap-letter{display:inline-block}<\/style>\t\t\t\t<div class=\"qodef-custom-list-holder\"><h5 class=\"qodef-custom-list-title\">Read more <br \/><a href=\"https:\/\/antfarma.eu\/en\/about-us\/\"><span style=\"text-decoration: underline;\">about us<\/span><\/a><\/h5><\/div>\t\t\t\t\t\t<\/div>\n\t\t\t\t<\/div>\n\t\t\t\t\t<\/div>\n\t\t<\/div>\n\t\t\t\t<div class=\"elementor-column elementor-col-50 elementor-inner-column elementor-element elementor-element-7e3730a\" data-id=\"7e3730a\" data-element_type=\"column\">\n\t\t\t<div class=\"elementor-widget-wrap elementor-element-populated\">\n\t\t\t\t\t\t<div class=\"elementor-element elementor-element-fbe5bd6 elementor-widget elementor-widget-text-editor\" data-id=\"fbe5bd6\" data-element_type=\"widget\" data-widget_type=\"text-editor.default\">\n\t\t\t\t<div class=\"elementor-widget-container\">\n\t\t\t\t\t\t\t<div class=\"qodef-custom-section-holder\">\n<h5 class=\"qodef-custom-section-title\">Didn't find what you were looking for?<\/h5>\n<p class=\"qodef-custom-section-text\">Contact us:<\/p>\n<a href=\"mailto:info@antfarma.eu\">info@antfarma.eu<\/a>\n\n<\/div>\n\n\t\t\t\t\t\t<\/div>\n\t\t\t\t<\/div>\n\t\t\t\t\t<\/div>\n\t\t<\/div>\n\t\t\t\t\t<\/div>\n\t\t<\/section>\n\t\t\t\t\t<\/div>\n\t\t<\/div>\n\t\t\t\t\t<\/div>\n\t\t<\/section>\n\t\t\t\t<\/div>","protected":false},"excerpt":{"rendered":"<p>Frequently asked questions DO PRODUCTS HAVE CERTIFICATES? All our products meet the legal requirements for safety and quality and have all the certificates required for trade in Europe. HOW DO I ORDER? We invite you to contact our manager directly or at the following general contact details: email: info@antfarma.eu mobile: +370 646 716 83 HOW DO I KNOW THE PRICE OF MY PRODUCT? After contacting the manager, giving details of your needs [...]<\/p>","protected":false},"author":1,"featured_media":0,"parent":0,"menu_order":0,"comment_status":"closed","ping_status":"closed","template":"page-full-width.php","meta":{"_acf_changed":false,"footnotes":""},"class_list":["post-5771","page","type-page","status-publish","hentry"],"acf":[],"yoast_head":"<!-- This site is optimized with the Yoast SEO plugin v23.1 - https:\/\/yoast.com\/wordpress\/plugins\/seo\/ -->\n<title>DUK - Antfarma<\/title>\n<meta name=\"description\" content=\"Da\u017eniausiai u\u017eduodami klausimai apie Antfarma gaminius, pristatym\u0105, kokyb\u0117s sertifikatus ir bendradarbiavim\u0105. Raskite atsakymus \u010dia.\" \/>\n<meta name=\"robots\" content=\"index, follow, max-snippet:-1, max-image-preview:large, max-video-preview:-1\" \/>\n<link rel=\"canonical\" href=\"https:\/\/antfarma.eu\/en\/faq\/\" \/>\n<meta property=\"og:locale\" content=\"en_US\" \/>\n<meta property=\"og:type\" content=\"article\" \/>\n<meta property=\"og:title\" content=\"DUK - Antfarma\" \/>\n<meta property=\"og:description\" content=\"Da\u017eniausiai u\u017eduodami klausimai apie Antfarma gaminius, pristatym\u0105, kokyb\u0117s sertifikatus ir bendradarbiavim\u0105. Raskite atsakymus \u010dia.\" \/>\n<meta property=\"og:url\" content=\"https:\/\/antfarma.eu\/en\/faq\/\" \/>\n<meta property=\"og:site_name\" content=\"Antfarma\" \/>\n<meta property=\"article:modified_time\" content=\"2026-03-25T14:27:23+00:00\" \/>\n<meta name=\"twitter:card\" content=\"summary_large_image\" \/>\n<meta name=\"twitter:label1\" content=\"Est. reading time\" \/>\n\t<meta name=\"twitter:data1\" content=\"2 minutes\" \/>\n<script type=\"application\/ld+json\" class=\"yoast-schema-graph\">{\"@context\":\"https:\/\/schema.org\",\"@graph\":[{\"@type\":\"WebPage\",\"@id\":\"https:\/\/antfarma.eu\/duk\/\",\"url\":\"https:\/\/antfarma.eu\/duk\/\",\"name\":\"DUK - Antfarma\",\"isPartOf\":{\"@id\":\"https:\/\/antfarma.eu\/#website\"},\"datePublished\":\"2022-11-14T11:01:38+00:00\",\"dateModified\":\"2026-03-25T14:27:23+00:00\",\"description\":\"Da\u017eniausiai u\u017eduodami klausimai apie Antfarma gaminius, pristatym\u0105, kokyb\u0117s sertifikatus ir bendradarbiavim\u0105. Raskite atsakymus \u010dia.\",\"breadcrumb\":{\"@id\":\"https:\/\/antfarma.eu\/duk\/#breadcrumb\"},\"inLanguage\":\"en-US\",\"potentialAction\":[{\"@type\":\"ReadAction\",\"target\":[\"https:\/\/antfarma.eu\/duk\/\"]}]},{\"@type\":\"BreadcrumbList\",\"@id\":\"https:\/\/antfarma.eu\/duk\/#breadcrumb\",\"itemListElement\":[{\"@type\":\"ListItem\",\"position\":1,\"name\":\"Prad\u017eia\",\"item\":\"https:\/\/antfarma.eu\/\"},{\"@type\":\"ListItem\",\"position\":2,\"name\":\"DUK\"}]},{\"@type\":\"WebSite\",\"@id\":\"https:\/\/antfarma.eu\/#website\",\"url\":\"https:\/\/antfarma.eu\/\",\"name\":\"Antfarma\",\"description\":\"Patikimas partneris sveikatos prie\u017ei\u016brai\",\"potentialAction\":[{\"@type\":\"SearchAction\",\"target\":{\"@type\":\"EntryPoint\",\"urlTemplate\":\"https:\/\/antfarma.eu\/?s={search_term_string}\"},\"query-input\":\"required name=search_term_string\"}],\"inLanguage\":\"en-US\"}]}<\/script>\n<!-- \/ Yoast SEO plugin. -->","yoast_head_json":{"title":"DUK - Antfarma","description":"Da\u017eniausiai u\u017eduodami klausimai apie Antfarma gaminius, pristatym\u0105, kokyb\u0117s sertifikatus ir bendradarbiavim\u0105. Raskite atsakymus \u010dia.","robots":{"index":"index","follow":"follow","max-snippet":"max-snippet:-1","max-image-preview":"max-image-preview:large","max-video-preview":"max-video-preview:-1"},"canonical":"https:\/\/antfarma.eu\/en\/faq\/","og_locale":"en_US","og_type":"article","og_title":"DUK - Antfarma","og_description":"Da\u017eniausiai u\u017eduodami klausimai apie Antfarma gaminius, pristatym\u0105, kokyb\u0117s sertifikatus ir bendradarbiavim\u0105. Raskite atsakymus \u010dia.","og_url":"https:\/\/antfarma.eu\/en\/faq\/","og_site_name":"Antfarma","article_modified_time":"2026-03-25T14:27:23+00:00","twitter_card":"summary_large_image","twitter_misc":{"Est. reading time":"2 minutes"},"schema":{"@context":"https:\/\/schema.org","@graph":[{"@type":"WebPage","@id":"https:\/\/antfarma.eu\/duk\/","url":"https:\/\/antfarma.eu\/duk\/","name":"DUK - Antfarma","isPartOf":{"@id":"https:\/\/antfarma.eu\/#website"},"datePublished":"2022-11-14T11:01:38+00:00","dateModified":"2026-03-25T14:27:23+00:00","description":"Da\u017eniausiai u\u017eduodami klausimai apie Antfarma gaminius, pristatym\u0105, kokyb\u0117s sertifikatus ir bendradarbiavim\u0105. Raskite atsakymus \u010dia.","breadcrumb":{"@id":"https:\/\/antfarma.eu\/duk\/#breadcrumb"},"inLanguage":"en-US","potentialAction":[{"@type":"ReadAction","target":["https:\/\/antfarma.eu\/duk\/"]}]},{"@type":"BreadcrumbList","@id":"https:\/\/antfarma.eu\/duk\/#breadcrumb","itemListElement":[{"@type":"ListItem","position":1,"name":"Prad\u017eia","item":"https:\/\/antfarma.eu\/"},{"@type":"ListItem","position":2,"name":"DUK"}]},{"@type":"WebSite","@id":"https:\/\/antfarma.eu\/#website","url":"https:\/\/antfarma.eu\/","name":"Antfarma","description":"Patikimas partneris sveikatos prie\u017ei\u016brai","potentialAction":[{"@type":"SearchAction","target":{"@type":"EntryPoint","urlTemplate":"https:\/\/antfarma.eu\/?s={search_term_string}"},"query-input":"required name=search_term_string"}],"inLanguage":"en-US"}]}},"_links":{"self":[{"href":"https:\/\/antfarma.eu\/en\/wp-json\/wp\/v2\/pages\/5771"}],"collection":[{"href":"https:\/\/antfarma.eu\/en\/wp-json\/wp\/v2\/pages"}],"about":[{"href":"https:\/\/antfarma.eu\/en\/wp-json\/wp\/v2\/types\/page"}],"author":[{"embeddable":true,"href":"https:\/\/antfarma.eu\/en\/wp-json\/wp\/v2\/users\/1"}],"replies":[{"embeddable":true,"href":"https:\/\/antfarma.eu\/en\/wp-json\/wp\/v2\/comments?post=5771"}],"version-history":[{"count":35,"href":"https:\/\/antfarma.eu\/en\/wp-json\/wp\/v2\/pages\/5771\/revisions"}],"predecessor-version":[{"id":10479,"href":"https:\/\/antfarma.eu\/en\/wp-json\/wp\/v2\/pages\/5771\/revisions\/10479"}],"wp:attachment":[{"href":"https:\/\/antfarma.eu\/en\/wp-json\/wp\/v2\/media?parent=5771"}],"curies":[{"name":"wp","href":"https:\/\/api.w.org\/{rel}","templated":true}]}}